{"id":13,"date":"2024-06-19T13:37:08","date_gmt":"2024-06-19T13:37:08","guid":{"rendered":"https:\/\/milan-notaires.fr\/?page_id=13"},"modified":"2024-06-21T12:34:32","modified_gmt":"2024-06-21T12:34:32","slug":"office-notarial-saint-remy-de-provence","status":"publish","type":"page","link":"https:\/\/milan-notaires.fr\/ja\/\u30b5\u30f3\u30fb\u30ec\u30df\u30fc\u30fb\u30c9\u30fb\u30d7\u30ed\u30f4\u30a1\u30f3\u30b9\u516c\u8a3c\u4eba\u5f79\u5834","title":{"rendered":"\u30b5\u30f3\u30fb\u30ec\u30df\u30fc\u30fb\u30c9\u30a5\u30fb\u30d7\u30ed\u30f4\u30a1\u30f3\u30b9\u516c\u8a3c\u4eba\u5f79\u5834"},"content":{"rendered":"","protected":false},"excerpt":{"rendered":"","protected":false},"author":2,"featured_media":0,"parent":0,"menu_order":0,"comment_status":"closed","ping_status":"closed","template":"","meta":{"footnotes":""},"class_list":["post-13","page","type-page","status-publish","czr-hentry"],"yoast_head":"<!-- This site is optimized with the Yoast SEO plugin v27.4 - https:\/\/yoast.com\/product\/yoast-seo-wordpress\/ -->\n<title>L&#039;Office Notarial Milan &amp; Associ\u00e9s - Saint R\u00e9my de Provence<\/title>\n<meta name=\"description\" content=\"L&#039;Office Notarial Milan &amp; Associ\u00e9s \u00e0 Saint R\u00e9my de Provence, votre partenaire de confiance en droit immobilier, rural et familial.\" \/>\n<meta name=\"robots\" content=\"index, follow, max-snippet:-1, max-image-preview:large, max-video-preview:-1\" \/>\n<link rel=\"canonical\" href=\"https:\/\/milan-notaires.fr\/ja\/\u30b5\u30f3\u30fb\u30ec\u30df\u30fc\u30fb\u30c9\u30fb\u30d7\u30ed\u30f4\u30a1\u30f3\u30b9\u516c\u8a3c\u4eba\u5f79\u5834\/\" \/>\n<meta property=\"og:locale\" content=\"ja_JP\" \/>\n<meta property=\"og:type\" content=\"article\" \/>\n<meta property=\"og:title\" content=\"L&#039;Office Notarial Milan &amp; Associ\u00e9s - Saint R\u00e9my de Provence\" \/>\n<meta property=\"og:description\" content=\"L&#039;Office Notarial Milan &amp; Associ\u00e9s \u00e0 Saint R\u00e9my de Provence, votre partenaire de confiance en droit immobilier, rural et familial.\" \/>\n<meta property=\"og:url\" content=\"https:\/\/milan-notaires.fr\/ja\/\u30b5\u30f3\u30fb\u30ec\u30df\u30fc\u30fb\u30c9\u30fb\u30d7\u30ed\u30f4\u30a1\u30f3\u30b9\u516c\u8a3c\u4eba\u5f79\u5834\/\" \/>\n<meta property=\"og:site_name\" content=\"Milan Notaires\" \/>\n<meta property=\"article:modified_time\" content=\"2024-06-21T12:34:32+00:00\" \/>\n<meta name=\"twitter:card\" content=\"summary_large_image\" \/>\n<meta name=\"twitter:label1\" content=\"\u63a8\u5b9a\u8aad\u307f\u53d6\u308a\u6642\u9593\" \/>\n\t<meta name=\"twitter:data1\" content=\"3\u5206\" \/>\n<script type=\"application\/ld+json\" class=\"yoast-schema-graph\">{\"@context\":\"https:\\\/\\\/schema.org\",\"@graph\":[{\"@type\":[\"WebPage\",\"SearchResultsPage\"],\"@id\":\"https:\\\/\\\/milan-notaires.fr\\\/office-notarial-saint-remy-de-provence\",\"url\":\"https:\\\/\\\/milan-notaires.fr\\\/office-notarial-saint-remy-de-provence\",\"name\":\"L'Office Notarial Milan & Associ\u00e9s - Saint R\u00e9my de Provence\",\"isPartOf\":{\"@id\":\"https:\\\/\\\/milan-notaires.fr\\\/#website\"},\"datePublished\":\"2024-06-19T13:37:08+00:00\",\"dateModified\":\"2024-06-21T12:34:32+00:00\",\"description\":\"L'Office Notarial Milan & Associ\u00e9s \u00e0 Saint R\u00e9my de Provence, votre partenaire de confiance en droit immobilier, rural et familial.\",\"breadcrumb\":{\"@id\":\"https:\\\/\\\/milan-notaires.fr\\\/office-notarial-saint-remy-de-provence#breadcrumb\"},\"inLanguage\":\"ja\",\"potentialAction\":[{\"@type\":\"ReadAction\",\"target\":[\"https:\\\/\\\/milan-notaires.fr\\\/office-notarial-saint-remy-de-provence\"]}]},{\"@type\":\"BreadcrumbList\",\"@id\":\"https:\\\/\\\/milan-notaires.fr\\\/office-notarial-saint-remy-de-provence#breadcrumb\",\"itemListElement\":[{\"@type\":\"ListItem\",\"position\":1,\"name\":\"Accueil\",\"item\":\"https:\\\/\\\/milan-notaires.fr\\\/\"},{\"@type\":\"ListItem\",\"position\":2,\"name\":\"Office notarial Saint R\u00e9my de Provence\"}]},{\"@type\":\"WebSite\",\"@id\":\"https:\\\/\\\/milan-notaires.fr\\\/#website\",\"url\":\"https:\\\/\\\/milan-notaires.fr\\\/\",\"name\":\"Milan Notaires\",\"description\":\"\",\"publisher\":{\"@id\":\"https:\\\/\\\/milan-notaires.fr\\\/#organization\"},\"potentialAction\":[{\"@type\":\"SearchAction\",\"target\":{\"@type\":\"EntryPoint\",\"urlTemplate\":\"https:\\\/\\\/milan-notaires.fr\\\/?s={search_term_string}\"},\"query-input\":{\"@type\":\"PropertyValueSpecification\",\"valueRequired\":true,\"valueName\":\"search_term_string\"}}],\"inLanguage\":\"ja\"},{\"@type\":\"Organization\",\"@id\":\"https:\\\/\\\/milan-notaires.fr\\\/#organization\",\"name\":\"Milan Notaires\",\"url\":\"https:\\\/\\\/milan-notaires.fr\\\/\",\"logo\":{\"@type\":\"ImageObject\",\"inLanguage\":\"ja\",\"@id\":\"https:\\\/\\\/milan-notaires.fr\\\/#\\\/schema\\\/logo\\\/image\\\/\",\"url\":\"https:\\\/\\\/milan-notaires.fr\\\/wp-content\\\/uploads\\\/2024\\\/06\\\/Milan-associes-notaires-logo.png\",\"contentUrl\":\"https:\\\/\\\/milan-notaires.fr\\\/wp-content\\\/uploads\\\/2024\\\/06\\\/Milan-associes-notaires-logo.png\",\"width\":287,\"height\":394,\"caption\":\"Milan Notaires\"},\"image\":{\"@id\":\"https:\\\/\\\/milan-notaires.fr\\\/#\\\/schema\\\/logo\\\/image\\\/\"}}]}<\/script>\n<!-- \/ Yoast SEO plugin. -->","yoast_head_json":{"title":"\u30df\u30e9\u30ce\uff06\u30a2\u30bd\u30b7\u30a8\u30a4\u30c4\u516c\u8a3c\u4eba\u4e8b\u52d9\u6240 - \u30b5\u30f3\u30fb\u30ec\u30df\u30fc\u30fb\u30c9\u30a5\u30fb\u30d7\u30ed\u30f4\u30a1\u30f3\u30b9","description":"\u30b5\u30f3\u30fb\u30ec\u30df\u30fc\u30fb\u30c9\u30a5\u30fb\u30d7\u30ed\u30f4\u30a1\u30f3\u30b9\u306b\u3042\u308bMilan &amp; Associ\u00e9s\u516c\u8a3c\u4eba\u5f79\u5834\u306f\u3001\u4e0d\u52d5\u7523\u3001\u5730\u65b9\u6cd5\u3001\u5bb6\u65cf\u6cd5\u306b\u304a\u3051\u308b\u4fe1\u983c\u3067\u304d\u308b\u30d1\u30fc\u30c8\u30ca\u30fc\u3067\u3059\u3002","robots":{"index":"index","follow":"follow","max-snippet":"max-snippet:-1","max-image-preview":"max-image-preview:large","max-video-preview":"max-video-preview:-1"},"canonical":"https:\/\/milan-notaires.fr\/ja\/\u30b5\u30f3\u30fb\u30ec\u30df\u30fc\u30fb\u30c9\u30fb\u30d7\u30ed\u30f4\u30a1\u30f3\u30b9\u516c\u8a3c\u4eba\u5f79\u5834\/","og_locale":"ja_JP","og_type":"article","og_title":"L'Office Notarial Milan & Associ\u00e9s - Saint R\u00e9my de Provence","og_description":"L'Office Notarial Milan & Associ\u00e9s \u00e0 Saint R\u00e9my de Provence, votre partenaire de confiance en droit immobilier, rural et familial.","og_url":"https:\/\/milan-notaires.fr\/ja\/\u30b5\u30f3\u30fb\u30ec\u30df\u30fc\u30fb\u30c9\u30fb\u30d7\u30ed\u30f4\u30a1\u30f3\u30b9\u516c\u8a3c\u4eba\u5f79\u5834\/","og_site_name":"Milan Notaires","article_modified_time":"2024-06-21T12:34:32+00:00","twitter_card":"summary_large_image","twitter_misc":{"\u63a8\u5b9a\u8aad\u307f\u53d6\u308a\u6642\u9593":"3\u5206"},"schema":{"@context":"https:\/\/schema.org","@graph":[{"@type":["WebPage","SearchResultsPage"],"@id":"https:\/\/milan-notaires.fr\/office-notarial-saint-remy-de-provence","url":"https:\/\/milan-notaires.fr\/office-notarial-saint-remy-de-provence","name":"\u30df\u30e9\u30ce\uff06\u30a2\u30bd\u30b7\u30a8\u30a4\u30c4\u516c\u8a3c\u4eba\u4e8b\u52d9\u6240 - \u30b5\u30f3\u30fb\u30ec\u30df\u30fc\u30fb\u30c9\u30a5\u30fb\u30d7\u30ed\u30f4\u30a1\u30f3\u30b9","isPartOf":{"@id":"https:\/\/milan-notaires.fr\/#website"},"datePublished":"2024-06-19T13:37:08+00:00","dateModified":"2024-06-21T12:34:32+00:00","description":"\u30b5\u30f3\u30fb\u30ec\u30df\u30fc\u30fb\u30c9\u30a5\u30fb\u30d7\u30ed\u30f4\u30a1\u30f3\u30b9\u306b\u3042\u308bMilan &amp; Associ\u00e9s\u516c\u8a3c\u4eba\u5f79\u5834\u306f\u3001\u4e0d\u52d5\u7523\u3001\u5730\u65b9\u6cd5\u3001\u5bb6\u65cf\u6cd5\u306b\u304a\u3051\u308b\u4fe1\u983c\u3067\u304d\u308b\u30d1\u30fc\u30c8\u30ca\u30fc\u3067\u3059\u3002","breadcrumb":{"@id":"https:\/\/milan-notaires.fr\/office-notarial-saint-remy-de-provence#breadcrumb"},"inLanguage":"ja","potentialAction":[{"@type":"ReadAction","target":["https:\/\/milan-notaires.fr\/office-notarial-saint-remy-de-provence"]}]},{"@type":"BreadcrumbList","@id":"https:\/\/milan-notaires.fr\/office-notarial-saint-remy-de-provence#breadcrumb","itemListElement":[{"@type":"ListItem","position":1,"name":"Accueil","item":"https:\/\/milan-notaires.fr\/"},{"@type":"ListItem","position":2,"name":"Office notarial Saint R\u00e9my de Provence"}]},{"@type":"WebSite","@id":"https:\/\/milan-notaires.fr\/#website","url":"https:\/\/milan-notaires.fr\/","name":"\u30df\u30e9\u30ce\u306e\u516c\u8a3c\u4eba","description":"","publisher":{"@id":"https:\/\/milan-notaires.fr\/#organization"},"potentialAction":[{"@type":"SearchAction","target":{"@type":"EntryPoint","urlTemplate":"https:\/\/milan-notaires.fr\/?s={search_term_string}"},"query-input":{"@type":"PropertyValueSpecification","valueRequired":true,"valueName":"search_term_string"}}],"inLanguage":"ja"},{"@type":"Organization","@id":"https:\/\/milan-notaires.fr\/#organization","name":"\u30df\u30e9\u30ce\u306e\u516c\u8a3c\u4eba","url":"https:\/\/milan-notaires.fr\/","logo":{"@type":"ImageObject","inLanguage":"ja","@id":"https:\/\/milan-notaires.fr\/#\/schema\/logo\/image\/","url":"https:\/\/milan-notaires.fr\/wp-content\/uploads\/2024\/06\/Milan-associes-notaires-logo.png","contentUrl":"https:\/\/milan-notaires.fr\/wp-content\/uploads\/2024\/06\/Milan-associes-notaires-logo.png","width":287,"height":394,"caption":"Milan Notaires"},"image":{"@id":"https:\/\/milan-notaires.fr\/#\/schema\/logo\/image\/"}}]}},"_links":{"self":[{"href":"https:\/\/milan-notaires.fr\/ja\/wp-json\/wp\/v2\/pages\/13","targetHints":{"allow":["GET"]}}],"collection":[{"href":"https:\/\/milan-notaires.fr\/ja\/wp-json\/wp\/v2\/pages"}],"about":[{"href":"https:\/\/milan-notaires.fr\/ja\/wp-json\/wp\/v2\/types\/page"}],"author":[{"embeddable":true,"href":"https:\/\/milan-notaires.fr\/ja\/wp-json\/wp\/v2\/users\/2"}],"replies":[{"embeddable":true,"href":"https:\/\/milan-notaires.fr\/ja\/wp-json\/wp\/v2\/comments?post=13"}],"version-history":[{"count":2,"href":"https:\/\/milan-notaires.fr\/ja\/wp-json\/wp\/v2\/pages\/13\/revisions"}],"predecessor-version":[{"id":652,"href":"https:\/\/milan-notaires.fr\/ja\/wp-json\/wp\/v2\/pages\/13\/revisions\/652"}],"wp:attachment":[{"href":"https:\/\/milan-notaires.fr\/ja\/wp-json\/wp\/v2\/media?parent=13"}],"curies":[{"name":"wp","href":"https:\/\/api.w.org\/{rel}","templated":true}]}}