{"id":21,"date":"2024-06-19T13:38:00","date_gmt":"2024-06-19T13:38:00","guid":{"rendered":"https:\/\/milan-notaires.fr\/?page_id=21"},"modified":"2024-09-26T08:56:11","modified_gmt":"2024-09-26T08:56:11","slug":"contact-notaire-saint-remy-de-provence","status":"publish","type":"page","link":"https:\/\/milan-notaires.fr\/en\/contact-notary-saint-remy-de-provence","title":{"rendered":"Contact notary Saint R\u00e9my de Provence"},"content":{"rendered":"","protected":false},"excerpt":{"rendered":"","protected":false},"author":2,"featured_media":0,"parent":0,"menu_order":0,"comment_status":"closed","ping_status":"closed","template":"","meta":{"footnotes":""},"class_list":["post-21","page","type-page","status-publish","czr-hentry"],"yoast_head":"<!-- This site is optimized with the Yoast SEO plugin v27.4 - https:\/\/yoast.com\/product\/yoast-seo-wordpress\/ -->\n<title>Contact - Milan &amp; Associ\u00e9s, Notaires \u00e0 Saint R\u00e9my de Provence<\/title>\n<meta name=\"description\" content=\"Contactez Milan &amp; Associ\u00e9s, votre office notarial \u00e0 Saint R\u00e9my de Provence.. Nous sommes l\u00e0 pour vous accompagner efficacement dans vos d\u00e9marches.\" \/>\n<meta name=\"robots\" content=\"index, follow, max-snippet:-1, max-image-preview:large, max-video-preview:-1\" \/>\n<link rel=\"canonical\" href=\"https:\/\/milan-notaires.fr\/en\/contact-notary-saint-remy-de-provence\/\" \/>\n<meta property=\"og:locale\" content=\"en_GB\" \/>\n<meta property=\"og:type\" content=\"article\" \/>\n<meta property=\"og:title\" content=\"Contact - Milan &amp; Associ\u00e9s, Notaires \u00e0 Saint R\u00e9my de Provence\" \/>\n<meta property=\"og:description\" content=\"Contactez Milan &amp; Associ\u00e9s, votre office notarial \u00e0 Saint R\u00e9my de Provence.. Nous sommes l\u00e0 pour vous accompagner efficacement dans vos d\u00e9marches.\" \/>\n<meta property=\"og:url\" content=\"https:\/\/milan-notaires.fr\/en\/contact-notary-saint-remy-de-provence\/\" \/>\n<meta property=\"og:site_name\" content=\"Milan Notaires\" \/>\n<meta property=\"article:modified_time\" content=\"2024-09-26T08:56:11+00:00\" \/>\n<meta name=\"twitter:card\" content=\"summary_large_image\" \/>\n<meta name=\"twitter:label1\" content=\"Estimated reading time\" \/>\n\t<meta name=\"twitter:data1\" content=\"1 minute\" \/>\n<script type=\"application\/ld+json\" class=\"yoast-schema-graph\">{\"@context\":\"https:\\\/\\\/schema.org\",\"@graph\":[{\"@type\":[\"WebPage\",\"SearchResultsPage\"],\"@id\":\"https:\\\/\\\/milan-notaires.fr\\\/contact-notaire-saint-remy-de-provence\",\"url\":\"https:\\\/\\\/milan-notaires.fr\\\/contact-notaire-saint-remy-de-provence\",\"name\":\"Contact - Milan & Associ\u00e9s, Notaires \u00e0 Saint R\u00e9my de Provence\",\"isPartOf\":{\"@id\":\"https:\\\/\\\/milan-notaires.fr\\\/#website\"},\"datePublished\":\"2024-06-19T13:38:00+00:00\",\"dateModified\":\"2024-09-26T08:56:11+00:00\",\"description\":\"Contactez Milan & Associ\u00e9s, votre office notarial \u00e0 Saint R\u00e9my de Provence.. Nous sommes l\u00e0 pour vous accompagner efficacement dans vos d\u00e9marches.\",\"breadcrumb\":{\"@id\":\"https:\\\/\\\/milan-notaires.fr\\\/contact-notaire-saint-remy-de-provence#breadcrumb\"},\"inLanguage\":\"en-GB\",\"potentialAction\":[{\"@type\":\"ReadAction\",\"target\":[\"https:\\\/\\\/milan-notaires.fr\\\/contact-notaire-saint-remy-de-provence\"]}]},{\"@type\":\"BreadcrumbList\",\"@id\":\"https:\\\/\\\/milan-notaires.fr\\\/contact-notaire-saint-remy-de-provence#breadcrumb\",\"itemListElement\":[{\"@type\":\"ListItem\",\"position\":1,\"name\":\"Accueil\",\"item\":\"https:\\\/\\\/milan-notaires.fr\\\/\"},{\"@type\":\"ListItem\",\"position\":2,\"name\":\"Contact notaire Saint R\u00e9my de Provence\"}]},{\"@type\":\"WebSite\",\"@id\":\"https:\\\/\\\/milan-notaires.fr\\\/#website\",\"url\":\"https:\\\/\\\/milan-notaires.fr\\\/\",\"name\":\"Milan Notaires\",\"description\":\"\",\"publisher\":{\"@id\":\"https:\\\/\\\/milan-notaires.fr\\\/#organization\"},\"potentialAction\":[{\"@type\":\"SearchAction\",\"target\":{\"@type\":\"EntryPoint\",\"urlTemplate\":\"https:\\\/\\\/milan-notaires.fr\\\/?s={search_term_string}\"},\"query-input\":{\"@type\":\"PropertyValueSpecification\",\"valueRequired\":true,\"valueName\":\"search_term_string\"}}],\"inLanguage\":\"en-GB\"},{\"@type\":\"Organization\",\"@id\":\"https:\\\/\\\/milan-notaires.fr\\\/#organization\",\"name\":\"Milan Notaires\",\"url\":\"https:\\\/\\\/milan-notaires.fr\\\/\",\"logo\":{\"@type\":\"ImageObject\",\"inLanguage\":\"en-GB\",\"@id\":\"https:\\\/\\\/milan-notaires.fr\\\/#\\\/schema\\\/logo\\\/image\\\/\",\"url\":\"https:\\\/\\\/milan-notaires.fr\\\/wp-content\\\/uploads\\\/2024\\\/06\\\/Milan-associes-notaires-logo.png\",\"contentUrl\":\"https:\\\/\\\/milan-notaires.fr\\\/wp-content\\\/uploads\\\/2024\\\/06\\\/Milan-associes-notaires-logo.png\",\"width\":287,\"height\":394,\"caption\":\"Milan Notaires\"},\"image\":{\"@id\":\"https:\\\/\\\/milan-notaires.fr\\\/#\\\/schema\\\/logo\\\/image\\\/\"}}]}<\/script>\n<!-- \/ Yoast SEO plugin. -->","yoast_head_json":{"title":"Contact - Milan &amp; Associ\u00e9s, Notaries in Saint R\u00e9my de Provence","description":"Contact Milan &amp; Associ\u00e9s, your notary office in Saint R\u00e9my de Provence. We are here to assist you efficiently in all your dealings.","robots":{"index":"index","follow":"follow","max-snippet":"max-snippet:-1","max-image-preview":"max-image-preview:large","max-video-preview":"max-video-preview:-1"},"canonical":"https:\/\/milan-notaires.fr\/en\/contact-notary-saint-remy-de-provence\/","og_locale":"en_GB","og_type":"article","og_title":"Contact - Milan & Associ\u00e9s, Notaires \u00e0 Saint R\u00e9my de Provence","og_description":"Contactez Milan & Associ\u00e9s, votre office notarial \u00e0 Saint R\u00e9my de Provence.. Nous sommes l\u00e0 pour vous accompagner efficacement dans vos d\u00e9marches.","og_url":"https:\/\/milan-notaires.fr\/en\/contact-notary-saint-remy-de-provence\/","og_site_name":"Milan Notaires","article_modified_time":"2024-09-26T08:56:11+00:00","twitter_card":"summary_large_image","twitter_misc":{"Estimated reading time":"1 minute"},"schema":{"@context":"https:\/\/schema.org","@graph":[{"@type":["WebPage","SearchResultsPage"],"@id":"https:\/\/milan-notaires.fr\/contact-notaire-saint-remy-de-provence","url":"https:\/\/milan-notaires.fr\/contact-notaire-saint-remy-de-provence","name":"Contact - Milan &amp; Associ\u00e9s, Notaries in Saint R\u00e9my de Provence","isPartOf":{"@id":"https:\/\/milan-notaires.fr\/#website"},"datePublished":"2024-06-19T13:38:00+00:00","dateModified":"2024-09-26T08:56:11+00:00","description":"Contact Milan &amp; Associ\u00e9s, your notary office in Saint R\u00e9my de Provence. We are here to assist you efficiently in all your dealings.","breadcrumb":{"@id":"https:\/\/milan-notaires.fr\/contact-notaire-saint-remy-de-provence#breadcrumb"},"inLanguage":"en-GB","potentialAction":[{"@type":"ReadAction","target":["https:\/\/milan-notaires.fr\/contact-notaire-saint-remy-de-provence"]}]},{"@type":"BreadcrumbList","@id":"https:\/\/milan-notaires.fr\/contact-notaire-saint-remy-de-provence#breadcrumb","itemListElement":[{"@type":"ListItem","position":1,"name":"Accueil","item":"https:\/\/milan-notaires.fr\/"},{"@type":"ListItem","position":2,"name":"Contact notaire Saint R\u00e9my de Provence"}]},{"@type":"WebSite","@id":"https:\/\/milan-notaires.fr\/#website","url":"https:\/\/milan-notaires.fr\/","name":"Milan Notaries","description":"","publisher":{"@id":"https:\/\/milan-notaires.fr\/#organization"},"potentialAction":[{"@type":"SearchAction","target":{"@type":"EntryPoint","urlTemplate":"https:\/\/milan-notaires.fr\/?s={search_term_string}"},"query-input":{"@type":"PropertyValueSpecification","valueRequired":true,"valueName":"search_term_string"}}],"inLanguage":"en-GB"},{"@type":"Organization","@id":"https:\/\/milan-notaires.fr\/#organization","name":"Milan Notaries","url":"https:\/\/milan-notaires.fr\/","logo":{"@type":"ImageObject","inLanguage":"en-GB","@id":"https:\/\/milan-notaires.fr\/#\/schema\/logo\/image\/","url":"https:\/\/milan-notaires.fr\/wp-content\/uploads\/2024\/06\/Milan-associes-notaires-logo.png","contentUrl":"https:\/\/milan-notaires.fr\/wp-content\/uploads\/2024\/06\/Milan-associes-notaires-logo.png","width":287,"height":394,"caption":"Milan Notaires"},"image":{"@id":"https:\/\/milan-notaires.fr\/#\/schema\/logo\/image\/"}}]}},"_links":{"self":[{"href":"https:\/\/milan-notaires.fr\/en\/wp-json\/wp\/v2\/pages\/21","targetHints":{"allow":["GET"]}}],"collection":[{"href":"https:\/\/milan-notaires.fr\/en\/wp-json\/wp\/v2\/pages"}],"about":[{"href":"https:\/\/milan-notaires.fr\/en\/wp-json\/wp\/v2\/types\/page"}],"author":[{"embeddable":true,"href":"https:\/\/milan-notaires.fr\/en\/wp-json\/wp\/v2\/users\/2"}],"replies":[{"embeddable":true,"href":"https:\/\/milan-notaires.fr\/en\/wp-json\/wp\/v2\/comments?post=21"}],"version-history":[{"count":2,"href":"https:\/\/milan-notaires.fr\/en\/wp-json\/wp\/v2\/pages\/21\/revisions"}],"predecessor-version":[{"id":658,"href":"https:\/\/milan-notaires.fr\/en\/wp-json\/wp\/v2\/pages\/21\/revisions\/658"}],"wp:attachment":[{"href":"https:\/\/milan-notaires.fr\/en\/wp-json\/wp\/v2\/media?parent=21"}],"curies":[{"name":"wp","href":"https:\/\/api.w.org\/{rel}","templated":true}]}}